{"id":94,"date":"2017-03-02T08:45:24","date_gmt":"2017-03-02T07:45:24","guid":{"rendered":"http:\/\/samedil.net\/materiali-edili\/?page_id=94"},"modified":"2017-03-28T09:36:08","modified_gmt":"2017-03-28T07:36:08","slug":"azienda","status":"publish","type":"page","link":"https:\/\/samedil.net\/materiali-edili\/azienda\/","title":{"rendered":"Azienda"},"content":{"rendered":"<p>[et_pb_section bb_built=&#8221;1&#8243; admin_label=&#8221;Sezione&#8221; fullwidth=&#8221;off&#8221; specialty=&#8221;off&#8221; background_image=&#8221;https:\/\/samedil.net\/materiali-edili\/imgs\/banner\/banner-back.jpg&#8221; transparent_background=&#8221;off&#8221; allow_player_pause=&#8221;off&#8221; inner_shadow=&#8221;off&#8221; parallax=&#8221;off&#8221; parallax_method=&#8221;on&#8221; custom_padding=&#8221;0px|0px|0px|0px&#8221; make_fullwidth=&#8221;off&#8221; use_custom_width=&#8221;off&#8221; width_unit=&#8221;on&#8221; make_equal=&#8221;off&#8221; use_custom_gutter=&#8221;off&#8221;][et_pb_row admin_label=&#8221;Riga&#8221;][et_pb_column type=&#8221;4_4&#8243;][et_pb_text admin_label=&#8221;Testo&#8221; background_layout=&#8221;dark&#8221; text_orientation=&#8221;left&#8221; use_border_color=&#8221;off&#8221; border_color=&#8221;#ffffff&#8221; border_style=&#8221;solid&#8221;]<\/p>\n<h1>AZIENDA<\/h1>\n<p>[\/et_pb_text][\/et_pb_column][\/et_pb_row][\/et_pb_section][et_pb_section bb_built=&#8221;1&#8243; admin_label=&#8221;section&#8221; background_image=&#8221;https:\/\/samedil.net\/materiali-edili\/imgs\/global\/white-pattern.jpg&#8221; transparent_background=&#8221;off&#8221; allow_player_pause=&#8221;off&#8221; inner_shadow=&#8221;off&#8221; parallax=&#8221;off&#8221; parallax_method=&#8221;on&#8221; make_fullwidth=&#8221;off&#8221; use_custom_width=&#8221;off&#8221; width_unit=&#8221;on&#8221; make_equal=&#8221;off&#8221; use_custom_gutter=&#8221;off&#8221;][et_pb_row admin_label=&#8221;row&#8221;][et_pb_column type=&#8221;1_3&#8243;][et_pb_image admin_label=&#8221;Immagine&#8221; src=&#8221;https:\/\/samedil.net\/materiali-edili\/imgs\/azienda\/azienda.jpg&#8221; show_in_lightbox=&#8221;off&#8221; url_new_window=&#8221;off&#8221; use_overlay=&#8221;off&#8221; animation=&#8221;left&#8221; sticky=&#8221;off&#8221; align=&#8221;left&#8221; force_fullwidth=&#8221;off&#8221; always_center_on_mobile=&#8221;on&#8221; use_border_color=&#8221;off&#8221; border_color=&#8221;#ffffff&#8221; border_style=&#8221;solid&#8221; \/][\/et_pb_column][et_pb_column type=&#8221;2_3&#8243;][et_pb_text admin_label=&#8221;Testo&#8221; background_layout=&#8221;light&#8221; text_orientation=&#8221;left&#8221; use_border_color=&#8221;off&#8221; border_color=&#8221;#ffffff&#8221; border_style=&#8221;solid&#8221;]<\/p>\n<div data-canvas-width=\"32.14212739999999\">Nasciamo nel 1993 come&nbsp;attivit\u00e0 di commercio all&#8217;ingrosso di materiali edili, con una forte&nbsp;specializzazione nell\u2019edilizia di base.<\/div>\n<p><\/br><\/p>\n<div data-canvas-width=\"32.14212739999999\">&nbsp;La nostra azienda \u00e8 il frutto del lavoro di una famiglia che gi\u00e0 nel 1965 gestiva&nbsp;un&#8217;importante azienda di produzione di manufatti in cemento.&nbsp;Col passare degli anni, con la trasformazione&nbsp;del settore edile, ci siamo specializzati&nbsp;nella vendita di materiali e soluzioni sempre pi\u00f9 tecniche e&nbsp;innovative, dirette a soddisfare le esigenze dei propri clienti.<\/div>\n<p><\/p>\n<div data-canvas-width=\"32.14212739999999\">La grande competenza e la forza dell\u2019innovazione sono i fattori determinanti di sviluppo della nostra attivit\u00e0&nbsp;commerciale, oggi leader nella nostra zona di operativit\u00e0.<\/div>\n<p><\/br><\/p>\n<div data-canvas-width=\"32.14212739999999\">&nbsp;Nel 2014 siamo entrati a far parte della rete&nbsp;di <strong>Edico<\/strong>, un gruppo campano di distributori e&nbsp;professionisti del settore. Competenza e professionalit\u00e0 sono dunque oggi&nbsp;gli elementi di forza di un&#8217;\u00e9quipe&nbsp;attenta alla qualit\u00e0 dei prodotti offerti e alla professionalit\u00e0 nei rapporti con la propria clientela.<\/div>\n<p>[\/et_pb_text][\/et_pb_column][\/et_pb_row][\/et_pb_section]<\/p>\n","protected":false},"excerpt":{"rendered":"<p>AZIENDA Nasciamo nel 1993 come&nbsp;attivit\u00e0 di commercio all&#8217;ingrosso di materiali edili, con una forte&nbsp;specializzazione nell\u2019edilizia di base. &nbsp;La nostra azienda \u00e8 il frutto del lavoro di una famiglia che gi\u00e0 nel 1965 gestiva&nbsp;un&#8217;importante azienda di produzione di manufatti in cemento.&nbsp;Col passare degli anni, con la trasformazione&nbsp;del settore edile, ci siamo specializzati&nbsp;nella vendita di materiali e [&hellip;]<\/p>\n","protected":false},"author":1,"featured_media":0,"parent":0,"menu_order":100,"comment_status":"closed","ping_status":"closed","template":"","meta":{"_et_pb_use_builder":"on","_et_pb_old_content":"","_et_gb_content_width":"","footnotes":""},"yoast_head":"<!-- This site is optimized with the Yoast SEO plugin v22.6 - https:\/\/yoast.com\/wordpress\/plugins\/seo\/ -->\n<title>Azienda | Samedil<\/title>\n<meta name=\"robots\" content=\"index, follow, max-snippet:-1, max-image-preview:large, max-video-preview:-1\" \/>\n<link rel=\"canonical\" href=\"https:\/\/samedil.net\/materiali-edili\/azienda\/\" \/>\n<meta property=\"og:locale\" content=\"it_IT\" \/>\n<meta property=\"og:type\" content=\"article\" \/>\n<meta property=\"og:title\" content=\"Azienda | Samedil\" \/>\n<meta property=\"og:description\" content=\"AZIENDA Nasciamo nel 1993 come&nbsp;attivit\u00e0 di commercio all&#039;ingrosso di materiali edili, con una forte&nbsp;specializzazione nell\u2019edilizia di base. &nbsp;La nostra azienda \u00e8 il frutto del lavoro di una famiglia che gi\u00e0 nel 1965 gestiva&nbsp;un&#039;importante azienda di produzione di manufatti in cemento.&nbsp;Col passare degli anni, con la trasformazione&nbsp;del settore edile, ci siamo specializzati&nbsp;nella vendita di materiali e [&hellip;]\" \/>\n<meta property=\"og:url\" content=\"https:\/\/samedil.net\/materiali-edili\/azienda\/\" \/>\n<meta property=\"og:site_name\" content=\"Samedil\" \/>\n<meta property=\"article:publisher\" content=\"https:\/\/www.facebook.com\/samedilsrl\/\" \/>\n<meta property=\"article:modified_time\" content=\"2017-03-28T07:36:08+00:00\" \/>\n<meta name=\"twitter:card\" content=\"summary_large_image\" \/>\n<meta name=\"twitter:label1\" content=\"Tempo di lettura stimato\" \/>\n\t<meta name=\"twitter:data1\" content=\"2 minuti\" \/>\n<script type=\"application\/ld+json\" class=\"yoast-schema-graph\">{\"@context\":\"https:\/\/schema.org\",\"@graph\":[{\"@type\":\"WebPage\",\"@id\":\"https:\/\/samedil.net\/materiali-edili\/azienda\/\",\"url\":\"https:\/\/samedil.net\/materiali-edili\/azienda\/\",\"name\":\"Azienda | Samedil\",\"isPartOf\":{\"@id\":\"https:\/\/samedil.net\/materiali-edili\/#website\"},\"datePublished\":\"2017-03-02T07:45:24+00:00\",\"dateModified\":\"2017-03-28T07:36:08+00:00\",\"breadcrumb\":{\"@id\":\"https:\/\/samedil.net\/materiali-edili\/azienda\/#breadcrumb\"},\"inLanguage\":\"it-IT\",\"potentialAction\":[{\"@type\":\"ReadAction\",\"target\":[\"https:\/\/samedil.net\/materiali-edili\/azienda\/\"]}]},{\"@type\":\"BreadcrumbList\",\"@id\":\"https:\/\/samedil.net\/materiali-edili\/azienda\/#breadcrumb\",\"itemListElement\":[{\"@type\":\"ListItem\",\"position\":1,\"name\":\"Home\",\"item\":\"https:\/\/samedil.net\/materiali-edili\/\"},{\"@type\":\"ListItem\",\"position\":2,\"name\":\"Azienda\"}]},{\"@type\":\"WebSite\",\"@id\":\"https:\/\/samedil.net\/materiali-edili\/#website\",\"url\":\"https:\/\/samedil.net\/materiali-edili\/\",\"name\":\"Samedil\",\"description\":\"Materiali Edili\",\"potentialAction\":[{\"@type\":\"SearchAction\",\"target\":{\"@type\":\"EntryPoint\",\"urlTemplate\":\"https:\/\/samedil.net\/materiali-edili\/?s={search_term_string}\"},\"query-input\":\"required name=search_term_string\"}],\"inLanguage\":\"it-IT\"}]}<\/script>\n<!-- \/ Yoast SEO plugin. -->","yoast_head_json":{"title":"Azienda | Samedil","robots":{"index":"index","follow":"follow","max-snippet":"max-snippet:-1","max-image-preview":"max-image-preview:large","max-video-preview":"max-video-preview:-1"},"canonical":"https:\/\/samedil.net\/materiali-edili\/azienda\/","og_locale":"it_IT","og_type":"article","og_title":"Azienda | Samedil","og_description":"AZIENDA Nasciamo nel 1993 come&nbsp;attivit\u00e0 di commercio all'ingrosso di materiali edili, con una forte&nbsp;specializzazione nell\u2019edilizia di base. &nbsp;La nostra azienda \u00e8 il frutto del lavoro di una famiglia che gi\u00e0 nel 1965 gestiva&nbsp;un'importante azienda di produzione di manufatti in cemento.&nbsp;Col passare degli anni, con la trasformazione&nbsp;del settore edile, ci siamo specializzati&nbsp;nella vendita di materiali e [&hellip;]","og_url":"https:\/\/samedil.net\/materiali-edili\/azienda\/","og_site_name":"Samedil","article_publisher":"https:\/\/www.facebook.com\/samedilsrl\/","article_modified_time":"2017-03-28T07:36:08+00:00","twitter_card":"summary_large_image","twitter_misc":{"Tempo di lettura stimato":"2 minuti"},"schema":{"@context":"https:\/\/schema.org","@graph":[{"@type":"WebPage","@id":"https:\/\/samedil.net\/materiali-edili\/azienda\/","url":"https:\/\/samedil.net\/materiali-edili\/azienda\/","name":"Azienda | Samedil","isPartOf":{"@id":"https:\/\/samedil.net\/materiali-edili\/#website"},"datePublished":"2017-03-02T07:45:24+00:00","dateModified":"2017-03-28T07:36:08+00:00","breadcrumb":{"@id":"https:\/\/samedil.net\/materiali-edili\/azienda\/#breadcrumb"},"inLanguage":"it-IT","potentialAction":[{"@type":"ReadAction","target":["https:\/\/samedil.net\/materiali-edili\/azienda\/"]}]},{"@type":"BreadcrumbList","@id":"https:\/\/samedil.net\/materiali-edili\/azienda\/#breadcrumb","itemListElement":[{"@type":"ListItem","position":1,"name":"Home","item":"https:\/\/samedil.net\/materiali-edili\/"},{"@type":"ListItem","position":2,"name":"Azienda"}]},{"@type":"WebSite","@id":"https:\/\/samedil.net\/materiali-edili\/#website","url":"https:\/\/samedil.net\/materiali-edili\/","name":"Samedil","description":"Materiali Edili","potentialAction":[{"@type":"SearchAction","target":{"@type":"EntryPoint","urlTemplate":"https:\/\/samedil.net\/materiali-edili\/?s={search_term_string}"},"query-input":"required name=search_term_string"}],"inLanguage":"it-IT"}]}},"_links":{"self":[{"href":"https:\/\/samedil.net\/materiali-edili\/wp-json\/wp\/v2\/pages\/94"}],"collection":[{"href":"https:\/\/samedil.net\/materiali-edili\/wp-json\/wp\/v2\/pages"}],"about":[{"href":"https:\/\/samedil.net\/materiali-edili\/wp-json\/wp\/v2\/types\/page"}],"author":[{"embeddable":true,"href":"https:\/\/samedil.net\/materiali-edili\/wp-json\/wp\/v2\/users\/1"}],"replies":[{"embeddable":true,"href":"https:\/\/samedil.net\/materiali-edili\/wp-json\/wp\/v2\/comments?post=94"}],"version-history":[{"count":21,"href":"https:\/\/samedil.net\/materiali-edili\/wp-json\/wp\/v2\/pages\/94\/revisions"}],"predecessor-version":[{"id":295,"href":"https:\/\/samedil.net\/materiali-edili\/wp-json\/wp\/v2\/pages\/94\/revisions\/295"}],"wp:attachment":[{"href":"https:\/\/samedil.net\/materiali-edili\/wp-json\/wp\/v2\/media?parent=94"}],"curies":[{"name":"wp","href":"https:\/\/api.w.org\/{rel}","templated":true}]}}