{"id":98,"date":"2017-03-02T08:49:50","date_gmt":"2017-03-02T07:49:50","guid":{"rendered":"http:\/\/samedil.net\/materiali-edili\/?page_id=98"},"modified":"2023-10-30T15:30:22","modified_gmt":"2023-10-30T14:30:22","slug":"servizi","status":"publish","type":"page","link":"https:\/\/samedil.net\/materiali-edili\/servizi\/","title":{"rendered":"Servizi"},"content":{"rendered":"\n[et_pb_section fb_built=&#8221;1&#8243; admin_label=&#8221;section&#8221; _builder_version=&#8221;4.16&#8243; background_image=&#8221;https:\/\/samedil.net\/materiali-edili\/imgs\/banner\/banner-back.jpg&#8221; custom_padding=&#8221;0px|0px|0px|0px&#8221; transparent_background=&#8221;off&#8221; make_fullwidth=&#8221;off&#8221; use_custom_width=&#8221;off&#8221; width_unit=&#8221;on&#8221; global_colors_info=&#8221;{}&#8221;][et_pb_row admin_label=&#8221;row&#8221; _builder_version=&#8221;4.16&#8243; background_size=&#8221;initial&#8221; background_position=&#8221;top_left&#8221; background_repeat=&#8221;repeat&#8221; global_colors_info=&#8221;{}&#8221;][et_pb_column type=&#8221;4_4&#8243; _builder_version=&#8221;4.16&#8243; custom_padding=&#8221;|||&#8221; global_colors_info=&#8221;{}&#8221; custom_padding__hover=&#8221;|||&#8221;][et_pb_text admin_label=&#8221;Testo&#8221; _builder_version=&#8221;4.16&#8243; background_size=&#8221;initial&#8221; background_position=&#8221;top_left&#8221; background_repeat=&#8221;repeat&#8221; background_layout=&#8221;dark&#8221; use_border_color=&#8221;off&#8221; border_color=&#8221;#ffffff&#8221; border_style=&#8221;solid&#8221; global_colors_info=&#8221;{}&#8221;]<h1>SERVIZI<\/h1>\r[\/et_pb_text][\/et_pb_column][\/et_pb_row][\/et_pb_section][et_pb_section fb_built=&#8221;1&#8243; admin_label=&#8221;Sezione&#8221; _builder_version=&#8221;4.16&#8243; background_image=&#8221;https:\/\/samedil.net\/materiali-edili\/imgs\/global\/white-pattern.jpg&#8221; transparent_background=&#8221;off&#8221; make_fullwidth=&#8221;off&#8221; use_custom_width=&#8221;off&#8221; width_unit=&#8221;on&#8221; global_colors_info=&#8221;{}&#8221;][et_pb_row column_structure=&#8221;2_5,3_5&#8243; _builder_version=&#8221;4.22.2&#8243; _module_preset=&#8221;default&#8221; global_colors_info=&#8221;{}&#8221;][et_pb_column type=&#8221;2_5&#8243; _builder_version=&#8221;4.22.2&#8243; _module_preset=&#8221;default&#8221; global_colors_info=&#8221;{}&#8221;][et_pb_testimonial portrait_url=&#8221;https:\/\/samedil.net\/materiali-edili\/wp-content\/uploads\/2023\/10\/log.jpg&#8221; _builder_version=&#8221;4.22.2&#8243; _module_preset=&#8221;default&#8221; width=&#8221;100%&#8221; global_colors_info=&#8221;{}&#8221;]<p><span>&#8220;Nasciamo nel 1993 come attivit\u00e0 di commercio all\u2019ingrosso di materiali edili, con una forte specializzazione nell\u2019edilizia di base. Col passare degli anni, con la trasformazione del settore edile, ci siamo specializzati nella vendita di materiali e soluzioni sempre pi\u00f9 tecniche e innovative, dirette a soddisfare le esigenze dei propri clienti. Nel 2014 siamo entrati a far parte della rete di Edico, un gruppo campano di distributori e professionisti del settore. Competenza e professionalit\u00e0 sono dunque oggi gli elementi di forza di un\u2019\u00e9quipe attenta alla qualit\u00e0 dei prodotti offerti e alla professionalit\u00e0 nei rapporti con la propria clientela.&#8221;<\/span><\/p>[\/et_pb_testimonial][\/et_pb_column][et_pb_column type=&#8221;3_5&#8243; _builder_version=&#8221;4.22.2&#8243; _module_preset=&#8221;default&#8221; global_colors_info=&#8221;{}&#8221;][et_pb_video src=&#8221;https:\/\/samedil.net\/materiali-edili\/wp-content\/uploads\/2023\/10\/Samedil-S.R.L-Materiali-edili-di-Montoro-AV.mp4&#8243; _builder_version=&#8221;4.22.2&#8243; _module_preset=&#8221;default&#8221; title_text=&#8221;Samedil S.R.L &#8211; Materiali edili di Montoro (AV)&#8221; hover_enabled=&#8221;0&#8243; sticky_enabled=&#8221;0&#8243;][\/et_pb_video][\/et_pb_column][\/et_pb_row][et_pb_row column_structure=&#8221;1_3,2_3&#8243; admin_label=&#8221;Riga&#8221; _builder_version=&#8221;4.16&#8243; background_size=&#8221;initial&#8221; background_position=&#8221;top_left&#8221; background_repeat=&#8221;repeat&#8221; global_colors_info=&#8221;{}&#8221;][et_pb_column type=&#8221;1_3&#8243; _builder_version=&#8221;4.16&#8243; custom_padding=&#8221;|||&#8221; global_colors_info=&#8221;{}&#8221; custom_padding__hover=&#8221;|||&#8221;][et_pb_image src=&#8221;https:\/\/samedil.net\/materiali-edili\/wp-content\/uploads\/2023\/10\/2.jpg&#8221; title_text=&#8221;2&#8243; align_tablet=&#8221;center&#8221; align_phone=&#8221;center&#8221; align_last_edited=&#8221;on|desktop&#8221; admin_label=&#8221;Immagine&#8221; _builder_version=&#8221;4.22.2&#8243; animation_style=&#8221;slide&#8221; animation_direction=&#8221;left&#8221; animation_duration=&#8221;500ms&#8221; animation_intensity_slide=&#8221;10%&#8221; use_border_color=&#8221;off&#8221; border_color=&#8221;#ffffff&#8221; border_style=&#8221;solid&#8221; animation=&#8221;left&#8221; sticky=&#8221;off&#8221; always_center_on_mobile=&#8221;on&#8221; global_colors_info=&#8221;{}&#8221;][\/et_pb_image][\/et_pb_column][et_pb_column type=&#8221;2_3&#8243; _builder_version=&#8221;4.16&#8243; custom_padding=&#8221;|||&#8221; global_colors_info=&#8221;{}&#8221; custom_padding__hover=&#8221;|||&#8221;][et_pb_text admin_label=&#8221;Testo&#8221; _builder_version=&#8221;4.16&#8243; background_size=&#8221;initial&#8221; background_position=&#8221;top_left&#8221; background_repeat=&#8221;repeat&#8221; use_border_color=&#8221;off&#8221; border_color=&#8221;#ffffff&#8221; border_style=&#8221;solid&#8221; global_colors_info=&#8221;{}&#8221;]<h1>Consegne e Servizio Gr\u00f9<\/h1>\r\nIl nostro parco mezzi \u00e8 in grado di assicurare la consegna di lotti di materiali edili. Siamo dotati, inoltre, di attrezzature idonee ad agevolare le operazioni di carico e scarico dei materiali.\r\n\r\nConsegnamo a privati ed imprese i materiali edili, tubazioni, rivestimenti, laterizi, cartongessi, guaine, ecc., raggiungendo tutto il territorio della Campania.\r[\/et_pb_text][\/et_pb_column][\/et_pb_row][et_pb_row column_structure=&#8221;2_3,1_3&#8243; admin_label=&#8221;Riga&#8221; _builder_version=&#8221;4.16&#8243; background_size=&#8221;initial&#8221; background_position=&#8221;top_left&#8221; background_repeat=&#8221;repeat&#8221; global_colors_info=&#8221;{}&#8221;][et_pb_column type=&#8221;2_3&#8243; _builder_version=&#8221;4.16&#8243; custom_padding=&#8221;|||&#8221; global_colors_info=&#8221;{}&#8221; custom_padding__hover=&#8221;|||&#8221;][et_pb_text admin_label=&#8221;Testo&#8221; _builder_version=&#8221;4.16&#8243; background_size=&#8221;initial&#8221; background_position=&#8221;top_left&#8221; background_repeat=&#8221;repeat&#8221; use_border_color=&#8221;off&#8221; border_color=&#8221;#ffffff&#8221; border_style=&#8221;solid&#8221; global_colors_info=&#8221;{}&#8221;]<h1 style=\"text-align: right;\">Supporto Tecnico<\/h1>\r\n&nbsp;\r\n\r\nGrazie all&#8217;esperienza pluriennale nel settore, saremo in grado di affiancarti nella scelta del prodotto pi\u00f9 adatto alle tue esigenze.\r\n\r\nI nostri tecnici, inoltre, saranno a tua disposizione per indicarti le migliori strategie per il montaggio e\/o la posa in opera dei materiali e dei manufatti.\r[\/et_pb_text][\/et_pb_column][et_pb_column type=&#8221;1_3&#8243; _builder_version=&#8221;4.16&#8243; custom_padding=&#8221;|||&#8221; global_colors_info=&#8221;{}&#8221; custom_padding__hover=&#8221;|||&#8221;][et_pb_image src=&#8221;https:\/\/samedil.net\/materiali-edili\/wp-content\/uploads\/2023\/10\/IMG_4882-1.jpg&#8221; title_text=&#8221;IMG_4882&#8243; align_tablet=&#8221;center&#8221; align_phone=&#8221;center&#8221; align_last_edited=&#8221;on|desktop&#8221; admin_label=&#8221;Immagine&#8221; _builder_version=&#8221;4.22.2&#8243; animation_style=&#8221;slide&#8221; animation_direction=&#8221;left&#8221; animation_duration=&#8221;500ms&#8221; animation_intensity_slide=&#8221;10%&#8221; use_border_color=&#8221;off&#8221; border_color=&#8221;#ffffff&#8221; border_style=&#8221;solid&#8221; animation=&#8221;left&#8221; sticky=&#8221;off&#8221; always_center_on_mobile=&#8221;on&#8221; global_colors_info=&#8221;{}&#8221;][\/et_pb_image][\/et_pb_column][\/et_pb_row][et_pb_row _builder_version=&#8221;4.22.2&#8243; _module_preset=&#8221;default&#8221; global_colors_info=&#8221;{}&#8221;][et_pb_column type=&#8221;4_4&#8243; _builder_version=&#8221;4.22.2&#8243; _module_preset=&#8221;default&#8221; global_colors_info=&#8221;{}&#8221;][\/et_pb_column][\/et_pb_row][\/et_pb_section]\n","protected":false},"excerpt":{"rendered":"<p>SERVIZI &#8220;Nasciamo nel 1993 come attivit\u00e0 di commercio all\u2019ingrosso di materiali edili, con una forte specializzazione nell\u2019edilizia di base. Col passare degli anni, con la trasformazione del settore edile, ci siamo specializzati nella vendita di materiali e soluzioni sempre pi\u00f9 tecniche e innovative, dirette a soddisfare le esigenze dei propri clienti. Nel 2014 siamo entrati [&hellip;]<\/p>\n","protected":false},"author":1,"featured_media":0,"parent":0,"menu_order":300,"comment_status":"closed","ping_status":"closed","template":"","meta":{"_et_pb_use_builder":"on","_et_pb_old_content":"","_et_gb_content_width":"","footnotes":""},"yoast_head":"<!-- This site is optimized with the Yoast SEO plugin v22.6 - https:\/\/yoast.com\/wordpress\/plugins\/seo\/ -->\n<title>Servizi | Samedil<\/title>\n<meta name=\"robots\" content=\"index, follow, max-snippet:-1, max-image-preview:large, max-video-preview:-1\" \/>\n<link rel=\"canonical\" href=\"https:\/\/samedil.net\/materiali-edili\/servizi\/\" \/>\n<meta property=\"og:locale\" content=\"it_IT\" \/>\n<meta property=\"og:type\" content=\"article\" \/>\n<meta property=\"og:title\" content=\"Servizi | Samedil\" \/>\n<meta property=\"og:description\" content=\"SERVIZI &quot;Nasciamo nel 1993 come attivit\u00e0 di commercio all\u2019ingrosso di materiali edili, con una forte specializzazione nell\u2019edilizia di base. Col passare degli anni, con la trasformazione del settore edile, ci siamo specializzati nella vendita di materiali e soluzioni sempre pi\u00f9 tecniche e innovative, dirette a soddisfare le esigenze dei propri clienti. Nel 2014 siamo entrati [&hellip;]\" \/>\n<meta property=\"og:url\" content=\"https:\/\/samedil.net\/materiali-edili\/servizi\/\" \/>\n<meta property=\"og:site_name\" content=\"Samedil\" \/>\n<meta property=\"article:publisher\" content=\"https:\/\/www.facebook.com\/samedilsrl\/\" \/>\n<meta property=\"article:modified_time\" content=\"2023-10-30T14:30:22+00:00\" \/>\n<meta name=\"twitter:card\" content=\"summary_large_image\" \/>\n<script type=\"application\/ld+json\" class=\"yoast-schema-graph\">{\"@context\":\"https:\/\/schema.org\",\"@graph\":[{\"@type\":\"WebPage\",\"@id\":\"https:\/\/samedil.net\/materiali-edili\/servizi\/\",\"url\":\"https:\/\/samedil.net\/materiali-edili\/servizi\/\",\"name\":\"Servizi | Samedil\",\"isPartOf\":{\"@id\":\"https:\/\/samedil.net\/materiali-edili\/#website\"},\"datePublished\":\"2017-03-02T07:49:50+00:00\",\"dateModified\":\"2023-10-30T14:30:22+00:00\",\"breadcrumb\":{\"@id\":\"https:\/\/samedil.net\/materiali-edili\/servizi\/#breadcrumb\"},\"inLanguage\":\"it-IT\",\"potentialAction\":[{\"@type\":\"ReadAction\",\"target\":[\"https:\/\/samedil.net\/materiali-edili\/servizi\/\"]}]},{\"@type\":\"BreadcrumbList\",\"@id\":\"https:\/\/samedil.net\/materiali-edili\/servizi\/#breadcrumb\",\"itemListElement\":[{\"@type\":\"ListItem\",\"position\":1,\"name\":\"Home\",\"item\":\"https:\/\/samedil.net\/materiali-edili\/\"},{\"@type\":\"ListItem\",\"position\":2,\"name\":\"Servizi\"}]},{\"@type\":\"WebSite\",\"@id\":\"https:\/\/samedil.net\/materiali-edili\/#website\",\"url\":\"https:\/\/samedil.net\/materiali-edili\/\",\"name\":\"Samedil\",\"description\":\"Materiali Edili\",\"potentialAction\":[{\"@type\":\"SearchAction\",\"target\":{\"@type\":\"EntryPoint\",\"urlTemplate\":\"https:\/\/samedil.net\/materiali-edili\/?s={search_term_string}\"},\"query-input\":\"required name=search_term_string\"}],\"inLanguage\":\"it-IT\"}]}<\/script>\n<!-- \/ Yoast SEO plugin. -->","yoast_head_json":{"title":"Servizi | Samedil","robots":{"index":"index","follow":"follow","max-snippet":"max-snippet:-1","max-image-preview":"max-image-preview:large","max-video-preview":"max-video-preview:-1"},"canonical":"https:\/\/samedil.net\/materiali-edili\/servizi\/","og_locale":"it_IT","og_type":"article","og_title":"Servizi | Samedil","og_description":"SERVIZI \"Nasciamo nel 1993 come attivit\u00e0 di commercio all\u2019ingrosso di materiali edili, con una forte specializzazione nell\u2019edilizia di base. Col passare degli anni, con la trasformazione del settore edile, ci siamo specializzati nella vendita di materiali e soluzioni sempre pi\u00f9 tecniche e innovative, dirette a soddisfare le esigenze dei propri clienti. Nel 2014 siamo entrati [&hellip;]","og_url":"https:\/\/samedil.net\/materiali-edili\/servizi\/","og_site_name":"Samedil","article_publisher":"https:\/\/www.facebook.com\/samedilsrl\/","article_modified_time":"2023-10-30T14:30:22+00:00","twitter_card":"summary_large_image","schema":{"@context":"https:\/\/schema.org","@graph":[{"@type":"WebPage","@id":"https:\/\/samedil.net\/materiali-edili\/servizi\/","url":"https:\/\/samedil.net\/materiali-edili\/servizi\/","name":"Servizi | Samedil","isPartOf":{"@id":"https:\/\/samedil.net\/materiali-edili\/#website"},"datePublished":"2017-03-02T07:49:50+00:00","dateModified":"2023-10-30T14:30:22+00:00","breadcrumb":{"@id":"https:\/\/samedil.net\/materiali-edili\/servizi\/#breadcrumb"},"inLanguage":"it-IT","potentialAction":[{"@type":"ReadAction","target":["https:\/\/samedil.net\/materiali-edili\/servizi\/"]}]},{"@type":"BreadcrumbList","@id":"https:\/\/samedil.net\/materiali-edili\/servizi\/#breadcrumb","itemListElement":[{"@type":"ListItem","position":1,"name":"Home","item":"https:\/\/samedil.net\/materiali-edili\/"},{"@type":"ListItem","position":2,"name":"Servizi"}]},{"@type":"WebSite","@id":"https:\/\/samedil.net\/materiali-edili\/#website","url":"https:\/\/samedil.net\/materiali-edili\/","name":"Samedil","description":"Materiali Edili","potentialAction":[{"@type":"SearchAction","target":{"@type":"EntryPoint","urlTemplate":"https:\/\/samedil.net\/materiali-edili\/?s={search_term_string}"},"query-input":"required name=search_term_string"}],"inLanguage":"it-IT"}]}},"_links":{"self":[{"href":"https:\/\/samedil.net\/materiali-edili\/wp-json\/wp\/v2\/pages\/98"}],"collection":[{"href":"https:\/\/samedil.net\/materiali-edili\/wp-json\/wp\/v2\/pages"}],"about":[{"href":"https:\/\/samedil.net\/materiali-edili\/wp-json\/wp\/v2\/types\/page"}],"author":[{"embeddable":true,"href":"https:\/\/samedil.net\/materiali-edili\/wp-json\/wp\/v2\/users\/1"}],"replies":[{"embeddable":true,"href":"https:\/\/samedil.net\/materiali-edili\/wp-json\/wp\/v2\/comments?post=98"}],"version-history":[{"count":27,"href":"https:\/\/samedil.net\/materiali-edili\/wp-json\/wp\/v2\/pages\/98\/revisions"}],"predecessor-version":[{"id":864,"href":"https:\/\/samedil.net\/materiali-edili\/wp-json\/wp\/v2\/pages\/98\/revisions\/864"}],"wp:attachment":[{"href":"https:\/\/samedil.net\/materiali-edili\/wp-json\/wp\/v2\/media?parent=98"}],"curies":[{"name":"wp","href":"https:\/\/api.w.org\/{rel}","templated":true}]}}